{"id":1000,"date":"2021-10-25T13:43:43","date_gmt":"2021-10-25T12:43:43","guid":{"rendered":"https:\/\/unitedefeluy.be\/?page_id=1000"},"modified":"2024-09-09T13:14:29","modified_gmt":"2024-09-09T11:14:29","slug":"evenements-2","status":"publish","type":"page","link":"https:\/\/unitedefeluy.be\/index.php\/evenements-2\/","title":{"rendered":"Ev\u00e8nements 2024\/2025"},"content":{"rendered":"\n<p><strong>Souper d&rsquo;unit\u00e9 :<\/strong> Samedi 21 septembre 2024 \u00e0 la salle communale de Seneffe<\/p>\n\n\n\n<p><strong>D\u00e9gustation de vin<\/strong> : Samedi 23 Novembre 2024 au B\u00e2timent de l&rsquo;Unit\u00e9<\/p>\n\n\n\n<p><strong>Marche Adeps : <\/strong>Dimanche 2 mars 2024 au B\u00e2timent de l&rsquo;Unit\u00e9<\/p>\n\n\n\n<h2 class=\"wp-block-heading\"><strong>Soupers : <\/strong> <\/h2>\n\n\n\n<p><span style=\"text-decoration: underline;\">Nutons :<\/span> 22 f\u00e9vrier 2025<br><span style=\"text-decoration: underline;\">Lutins :<\/span> 22 mars 2025<br><span style=\"text-decoration: underline;\">Louveteaux :<\/span> 19 octobre 2024<br><span style=\"text-decoration: underline;\">Guides :<\/span> 30 novembre 2024<br><span style=\"text-decoration: underline;\">Scouts :<\/span> 16 novembre 2024<br><\/p>\n","protected":false},"excerpt":{"rendered":"<p>Souper d&rsquo;unit\u00e9 : Samedi 21 septembre 2024 \u00e0 la salle communale de Seneffe D\u00e9gustation de vin : Samedi 23 Novembre 2024 au B\u00e2timent de l&rsquo;Unit\u00e9 Marche Adeps : Dimanche 2 &hellip; <a href=\"https:\/\/unitedefeluy.be\/index.php\/evenements-2\/\" class=\"more-link\">Continuer la lecture de <span class=\"screen-reader-text\">Ev\u00e8nements 2024\/2025<\/span>  <span class=\"meta-nav\">&rarr;<\/span><\/a><\/p>\n","protected":false},"author":11,"featured_media":0,"parent":0,"menu_order":0,"comment_status":"closed","ping_status":"closed","template":"","meta":{"footnotes":""},"class_list":["post-1000","page","type-page","status-publish","hentry"],"_links":{"self":[{"href":"https:\/\/unitedefeluy.be\/index.php\/wp-json\/wp\/v2\/pages\/1000","targetHints":{"allow":["GET"]}}],"collection":[{"href":"https:\/\/unitedefeluy.be\/index.php\/wp-json\/wp\/v2\/pages"}],"about":[{"href":"https:\/\/unitedefeluy.be\/index.php\/wp-json\/wp\/v2\/types\/page"}],"author":[{"embeddable":true,"href":"https:\/\/unitedefeluy.be\/index.php\/wp-json\/wp\/v2\/users\/11"}],"replies":[{"embeddable":true,"href":"https:\/\/unitedefeluy.be\/index.php\/wp-json\/wp\/v2\/comments?post=1000"}],"version-history":[{"count":5,"href":"https:\/\/unitedefeluy.be\/index.php\/wp-json\/wp\/v2\/pages\/1000\/revisions"}],"predecessor-version":[{"id":1649,"href":"https:\/\/unitedefeluy.be\/index.php\/wp-json\/wp\/v2\/pages\/1000\/revisions\/1649"}],"wp:attachment":[{"href":"https:\/\/unitedefeluy.be\/index.php\/wp-json\/wp\/v2\/media?parent=1000"}],"curies":[{"name":"wp","href":"https:\/\/api.w.org\/{rel}","templated":true}]}}