{"id":26,"date":"2016-04-21T19:48:00","date_gmt":"2016-04-21T18:48:00","guid":{"rendered":"http:\/\/unitedefeluy.be\/?page_id=26"},"modified":"2022-10-14T18:02:03","modified_gmt":"2022-10-14T16:02:03","slug":"nuton","status":"publish","type":"page","link":"https:\/\/unitedefeluy.be\/index.php\/nuton\/","title":{"rendered":"Nutons"},"content":{"rendered":"\n<figure class=\"wp-block-gallery has-nested-images columns-default is-cropped wp-block-gallery-1 is-layout-flex wp-block-gallery-is-layout-flex\">\n<figure class=\"wp-block-image size-large\"><img loading=\"lazy\" decoding=\"async\" width=\"1024\" height=\"768\" data-id=\"1389\" src=\"https:\/\/unitedefeluy.be\/wp-content\/uploads\/292948283_547201230459097_8344307168778194206_n-1024x768.jpeg\" alt=\"\" class=\"wp-image-1389\" srcset=\"https:\/\/unitedefeluy.be\/wp-content\/uploads\/292948283_547201230459097_8344307168778194206_n-1024x768.jpeg 1024w, https:\/\/unitedefeluy.be\/wp-content\/uploads\/292948283_547201230459097_8344307168778194206_n-300x225.jpeg 300w, https:\/\/unitedefeluy.be\/wp-content\/uploads\/292948283_547201230459097_8344307168778194206_n-768x576.jpeg 768w, https:\/\/unitedefeluy.be\/wp-content\/uploads\/292948283_547201230459097_8344307168778194206_n-1536x1152.jpeg 1536w, https:\/\/unitedefeluy.be\/wp-content\/uploads\/292948283_547201230459097_8344307168778194206_n.jpeg 2048w\" sizes=\"auto, (max-width: 1024px) 100vw, 1024px\" \/><\/figure>\n<\/figure>\n\n\n<h1>\u00a0<\/h1>\n<h1>Pr\u00e9sentation<\/h1>\n<div class=\"article\">\n<p><strong>Qu&rsquo;est ce que c&rsquo;est les nutons?\u00a0<\/strong><\/p>\n<p>Les nutons sont le tout d\u00e9but d\u2019une vie scoute, les enfants d\u00e9butent les nutons \u00e0 partir de 6 ans, jusqu\u2019\u00e0 l\u2019age de 8 ans (2ans) pour ensuite rejoindre soit, pour les gar\u00e7ons , les louveteaux, soit, pour les filles, les lutins. C\u2019est durant ces 2 ann\u00e9es que l\u2019enfant d\u00e9couvre r\u00e9ellement la vie en groupe, le partage, toutes les valeurs que les scouts partagent.<\/p>\n<p>La chami\u00e8re est la seule section mixte de l\u2019unit\u00e9. Il n\u2019\u00a0y a pas de sizaines ou patrouilles (groupes de 7 ou 8 anim\u00e9s d\u00e9finis pour toute l\u2019ann\u00e9e), mais durant les r\u00e9unions des petits groupes sont souvent form\u00e9s, et changent \u00e0 chaque r\u00e9union.<\/p>\n<p><strong>Comment se d\u00e9roule une journ\u00e9e type?<\/strong><\/p>\n<p><span class=\"Apple-style-span\">Une r\u00e9union ordinaire chez les nutons d\u00e9bute \u00e0 13h30 et se finit \u00e0 17h00 \u00e0 l&rsquo;\u00e9cole d&rsquo;Arquennes. Les chefs organisent un jeu pour les anim\u00e9s. Chaque d\u00e9but de r\u00e9union commence par un rassemblement durant lequel les chefs expliquent le jeu aux nutons, la r\u00e9union se termine \u00e9galement par un rassemblement durant lequel a lieu les r\u00e9sulats du jeu ou autre,\u2026.<\/span><\/p>\n<p><span class=\"Apple-style-span\" style=\"font-family: arial,helvetica,sans-serif;\">Une r\u00e9union sp\u00e9ciale dure g\u00e9n\u00e9ralement toute la journ\u00e9e, les chefs organisent une activit\u00e9 sp\u00e9ciale pour les nutons (ex\u00a0: visite \u00e0 la ferme, journ\u00e9e \u00e0 la mer,\u2026)<\/span><\/p>\n<p><span class=\"Apple-style-span\" style=\"font-family: arial,helvetica,sans-serif;\">Un week-end nuton (= Hike), se d\u00e9roule du vendredi au dimanche, celui ci se d\u00e9roule au deuxi\u00e8me quadri. Durant ce week-end, le nuton apprend \u00e0 vivre avec les autres, partager des bons moment avec ceux-ci et les chefs,\u2026 les chefs organisent un grand jeu durant le week-end, et une petite activit\u00e9 pour le soir.<\/span><\/p>\n<p><span class=\"Apple-style-span\" style=\"font-family: arial,helvetica,sans-serif;\">Si vous avez des questions cependant, n&rsquo;h\u00e9sitez pas \u00e0 nous envoyer un mail \u00e0 l&rsquo;adresse:\u00a0<u>lesnutonsdefeluy@gmail.com<\/u>\u00a0qui est bien \u00e9videmment toujours disponible et on vous r\u00e9pondra le plus rapidement possible!\u00a0<\/span><\/p>\n<p><span class=\"Apple-style-span\" style=\"font-family: arial,helvetica,sans-serif;\">\u00a0<\/span><\/p>\n<\/div>","protected":false},"excerpt":{"rendered":"<p>\u00a0 Pr\u00e9sentation Qu&rsquo;est ce que c&rsquo;est les nutons?\u00a0 Les nutons sont le tout d\u00e9but d\u2019une vie scoute, les enfants d\u00e9butent les nutons \u00e0 partir de 6 ans, jusqu\u2019\u00e0 l\u2019age de &hellip; <a href=\"https:\/\/unitedefeluy.be\/index.php\/nuton\/\" class=\"more-link\">Continuer la lecture de <span class=\"screen-reader-text\">Nutons<\/span>  <span class=\"meta-nav\">&rarr;<\/span><\/a><\/p>\n","protected":false},"author":11,"featured_media":0,"parent":0,"menu_order":1,"comment_status":"closed","ping_status":"closed","template":"","meta":{"footnotes":""},"class_list":["post-26","page","type-page","status-publish","hentry"],"_links":{"self":[{"href":"https:\/\/unitedefeluy.be\/index.php\/wp-json\/wp\/v2\/pages\/26","targetHints":{"allow":["GET"]}}],"collection":[{"href":"https:\/\/unitedefeluy.be\/index.php\/wp-json\/wp\/v2\/pages"}],"about":[{"href":"https:\/\/unitedefeluy.be\/index.php\/wp-json\/wp\/v2\/types\/page"}],"author":[{"embeddable":true,"href":"https:\/\/unitedefeluy.be\/index.php\/wp-json\/wp\/v2\/users\/11"}],"replies":[{"embeddable":true,"href":"https:\/\/unitedefeluy.be\/index.php\/wp-json\/wp\/v2\/comments?post=26"}],"version-history":[{"count":15,"href":"https:\/\/unitedefeluy.be\/index.php\/wp-json\/wp\/v2\/pages\/26\/revisions"}],"predecessor-version":[{"id":1390,"href":"https:\/\/unitedefeluy.be\/index.php\/wp-json\/wp\/v2\/pages\/26\/revisions\/1390"}],"wp:attachment":[{"href":"https:\/\/unitedefeluy.be\/index.php\/wp-json\/wp\/v2\/media?parent=26"}],"curies":[{"name":"wp","href":"https:\/\/api.w.org\/{rel}","templated":true}]}}