{"id":31,"date":"2016-04-21T19:49:38","date_gmt":"2016-04-21T18:49:38","guid":{"rendered":"http:\/\/unitedefeluy.be\/?page_id=31"},"modified":"2022-10-14T18:03:26","modified_gmt":"2022-10-14T16:03:26","slug":"lutin","status":"publish","type":"page","link":"https:\/\/unitedefeluy.be\/index.php\/lutin\/","title":{"rendered":"Lutins"},"content":{"rendered":"\n<figure class=\"wp-block-gallery has-nested-images columns-default is-cropped wp-block-gallery-1 is-layout-flex wp-block-gallery-is-layout-flex\">\n<figure class=\"wp-block-image size-large\"><img loading=\"lazy\" decoding=\"async\" width=\"1024\" height=\"768\" data-id=\"1391\" src=\"https:\/\/unitedefeluy.be\/wp-content\/uploads\/307774344_670867173965166_1898217936769658485_n-1024x768.jpeg\" alt=\"\" class=\"wp-image-1391\" srcset=\"https:\/\/unitedefeluy.be\/wp-content\/uploads\/307774344_670867173965166_1898217936769658485_n-1024x768.jpeg 1024w, https:\/\/unitedefeluy.be\/wp-content\/uploads\/307774344_670867173965166_1898217936769658485_n-300x225.jpeg 300w, https:\/\/unitedefeluy.be\/wp-content\/uploads\/307774344_670867173965166_1898217936769658485_n-768x576.jpeg 768w, https:\/\/unitedefeluy.be\/wp-content\/uploads\/307774344_670867173965166_1898217936769658485_n-1536x1152.jpeg 1536w, https:\/\/unitedefeluy.be\/wp-content\/uploads\/307774344_670867173965166_1898217936769658485_n.jpeg 1920w\" sizes=\"auto, (max-width: 1024px) 100vw, 1024px\" \/><\/figure>\n<\/figure>\n\n\n\n<p>Apr\u00e8s deux ann\u00e9es remplies de souvenirs chez les nutons, il est temps pour les filles et les gar\u00e7ons de se s\u00e9parer. <\/p>\n\n\n\n<p>Les filles vont alors chez les lutins, et ce de 8 \u00e0 12 ans. <br>Les lutins sont r\u00e9parties par sizaines (des petits groupes qui restent les m\u00eames toute l&rsquo;ann\u00e9e), les sizaines portent des noms de fleurs. <\/p>\n\n\n\n<p>Chaque samedi, les lutins se rejoignent \u00e0 l&rsquo;\u00e9cole d&rsquo;arquennes \u00e0 13h30. La r\u00e9union commence par un rassemblement. Les chefs expliquent le jeu de la journ\u00e9e. Souvent, il y a deux parties. <br>Durant la premi\u00e8re partie, les lutins passent chez les chefs faire des \u00e9preuves pour gagner des avantages pour la seconde partie. Entre les deux, il y a le go\u00fbter, apport\u00e9 par les chefs. <\/p>\n\n\n\n<p>Pendant l&rsquo;ann\u00e9e, il y a g\u00e9n\u00e9ralement une, voire deux journ\u00e9e(s) sp\u00e9ciale(s), un hike (un weekend entier), un souper (o\u00f9 l&rsquo;on montre les photos du camp pr\u00e9c\u00e9dent) et le camp, qui se d\u00e9roule du 1 au 10 juillet. <\/p>\n\n\n\n<p>Si vous avez une question, n&rsquo;h\u00e9sitez pas \u00e0 envoyer un mail \u00e0 lutinsdefeluy@gmail.com, nous nous ferons un plaisir de vous r\u00e9pondre !<\/p>\n","protected":false},"excerpt":{"rendered":"<p>Apr\u00e8s deux ann\u00e9es remplies de souvenirs chez les nutons, il est temps pour les filles et les gar\u00e7ons de se s\u00e9parer. Les filles vont alors chez les lutins, et ce &hellip; <a href=\"https:\/\/unitedefeluy.be\/index.php\/lutin\/\" class=\"more-link\">Continuer la lecture de <span class=\"screen-reader-text\">Lutins<\/span>  <span class=\"meta-nav\">&rarr;<\/span><\/a><\/p>\n","protected":false},"author":11,"featured_media":0,"parent":0,"menu_order":2,"comment_status":"closed","ping_status":"closed","template":"","meta":{"footnotes":""},"class_list":["post-31","page","type-page","status-publish","hentry"],"_links":{"self":[{"href":"https:\/\/unitedefeluy.be\/index.php\/wp-json\/wp\/v2\/pages\/31","targetHints":{"allow":["GET"]}}],"collection":[{"href":"https:\/\/unitedefeluy.be\/index.php\/wp-json\/wp\/v2\/pages"}],"about":[{"href":"https:\/\/unitedefeluy.be\/index.php\/wp-json\/wp\/v2\/types\/page"}],"author":[{"embeddable":true,"href":"https:\/\/unitedefeluy.be\/index.php\/wp-json\/wp\/v2\/users\/11"}],"replies":[{"embeddable":true,"href":"https:\/\/unitedefeluy.be\/index.php\/wp-json\/wp\/v2\/comments?post=31"}],"version-history":[{"count":4,"href":"https:\/\/unitedefeluy.be\/index.php\/wp-json\/wp\/v2\/pages\/31\/revisions"}],"predecessor-version":[{"id":1392,"href":"https:\/\/unitedefeluy.be\/index.php\/wp-json\/wp\/v2\/pages\/31\/revisions\/1392"}],"wp:attachment":[{"href":"https:\/\/unitedefeluy.be\/index.php\/wp-json\/wp\/v2\/media?parent=31"}],"curies":[{"name":"wp","href":"https:\/\/api.w.org\/{rel}","templated":true}]}}