{"id":34,"date":"2016-04-21T19:52:39","date_gmt":"2016-04-21T18:52:39","guid":{"rendered":"http:\/\/unitedefeluy.be\/?page_id=34"},"modified":"2022-10-14T18:06:16","modified_gmt":"2022-10-14T16:06:16","slug":"louveteau","status":"publish","type":"page","link":"https:\/\/unitedefeluy.be\/index.php\/louveteau\/","title":{"rendered":"Louveteaux"},"content":{"rendered":"\n<figure class=\"wp-block-gallery has-nested-images columns-default is-cropped wp-block-gallery-1 is-layout-flex wp-block-gallery-is-layout-flex\">\n<figure class=\"wp-block-image size-large\"><img loading=\"lazy\" decoding=\"async\" width=\"768\" height=\"1024\" data-id=\"1394\" src=\"https:\/\/unitedefeluy.be\/wp-content\/uploads\/295661182_3503744786503861_380557132518038407_n-768x1024.jpeg\" alt=\"\" class=\"wp-image-1394\" srcset=\"https:\/\/unitedefeluy.be\/wp-content\/uploads\/295661182_3503744786503861_380557132518038407_n-768x1024.jpeg 768w, https:\/\/unitedefeluy.be\/wp-content\/uploads\/295661182_3503744786503861_380557132518038407_n-225x300.jpeg 225w, https:\/\/unitedefeluy.be\/wp-content\/uploads\/295661182_3503744786503861_380557132518038407_n-1152x1536.jpeg 1152w, https:\/\/unitedefeluy.be\/wp-content\/uploads\/295661182_3503744786503861_380557132518038407_n.jpeg 1536w\" sizes=\"auto, (max-width: 768px) 100vw, 768px\" \/><\/figure>\n<\/figure>\n\n\n\n<p><span class=\"_5yl5\">Apr\u00e8s les nutons, les enfants continuent leur vie scoute au sein de mouvements s\u00e9par\u00e9s pour les filles et les gar\u00e7ons. Pour les gar\u00e7ons, cette vie continue au sein de la Meute des Louveteaux. La Meute Seeonee de Feluy tire son nom de la colline o\u00f9 s\u2019installe la meute de loups qui recueille Mowgli dans le Livre de La Jungle. De 8 \u00e0 12 ans, le louveteau approfondira ses relations avec les autres, apprendra les r\u00e8gles de vie de groupe. La Meute lui fera sentir que chaque personne est importante dans une communaut\u00e9 et qu\u2019on a tous un r\u00f4le \u00e0 jouer. Le louveteau aura m\u00eame des responsabilit\u00e9s adapt\u00e9es \u00e0 son \u00e2ge. En effet, tout au long de l\u2019ann\u00e9e, les louveteaux sont divis\u00e9s en sizaines. A la t\u00eate de chaque sizaine se trouvent un sizenier et un second. Ce sont les louveteaux les plus \u00e2g\u00e9s et les plus exp\u00e9riment\u00e9s qui occupent ces postes.<\/span><\/p>\n\n\n\n<p><span class=\"Apple-style-span\">Si vous avez des questions cependant, n\u2019h\u00e9sitez pas \u00e0 nous envoyer un mail \u00e0 l\u2019adresse:&nbsp;<u>louveteauxdefeluy@gmail.com<\/u>&nbsp;qui est bien \u00e9videmment toujours disponible et on vous r\u00e9pondra le plus rapidement possible!&nbsp;<\/span><\/p>\n","protected":false},"excerpt":{"rendered":"<p>Apr\u00e8s les nutons, les enfants continuent leur vie scoute au sein de mouvements s\u00e9par\u00e9s pour les filles et les gar\u00e7ons. Pour les gar\u00e7ons, cette vie continue au sein de la &hellip; <a href=\"https:\/\/unitedefeluy.be\/index.php\/louveteau\/\" class=\"more-link\">Continuer la lecture de <span class=\"screen-reader-text\">Louveteaux<\/span>  <span class=\"meta-nav\">&rarr;<\/span><\/a><\/p>\n","protected":false},"author":11,"featured_media":0,"parent":0,"menu_order":3,"comment_status":"closed","ping_status":"closed","template":"","meta":{"footnotes":""},"class_list":["post-34","page","type-page","status-publish","hentry"],"_links":{"self":[{"href":"https:\/\/unitedefeluy.be\/index.php\/wp-json\/wp\/v2\/pages\/34","targetHints":{"allow":["GET"]}}],"collection":[{"href":"https:\/\/unitedefeluy.be\/index.php\/wp-json\/wp\/v2\/pages"}],"about":[{"href":"https:\/\/unitedefeluy.be\/index.php\/wp-json\/wp\/v2\/types\/page"}],"author":[{"embeddable":true,"href":"https:\/\/unitedefeluy.be\/index.php\/wp-json\/wp\/v2\/users\/11"}],"replies":[{"embeddable":true,"href":"https:\/\/unitedefeluy.be\/index.php\/wp-json\/wp\/v2\/comments?post=34"}],"version-history":[{"count":8,"href":"https:\/\/unitedefeluy.be\/index.php\/wp-json\/wp\/v2\/pages\/34\/revisions"}],"predecessor-version":[{"id":1395,"href":"https:\/\/unitedefeluy.be\/index.php\/wp-json\/wp\/v2\/pages\/34\/revisions\/1395"}],"wp:attachment":[{"href":"https:\/\/unitedefeluy.be\/index.php\/wp-json\/wp\/v2\/media?parent=34"}],"curies":[{"name":"wp","href":"https:\/\/api.w.org\/{rel}","templated":true}]}}