{"id":36,"date":"2016-04-21T19:50:30","date_gmt":"2016-04-21T18:50:30","guid":{"rendered":"http:\/\/unitedefeluy.be\/?page_id=36"},"modified":"2021-11-12T12:22:33","modified_gmt":"2021-11-12T11:22:33","slug":"guide","status":"publish","type":"page","link":"https:\/\/unitedefeluy.be\/index.php\/guide\/","title":{"rendered":"Guides"},"content":{"rendered":"\n<figure class=\"wp-block-image\"><img loading=\"lazy\" decoding=\"async\" width=\"1024\" height=\"683\" src=\"https:\/\/unitedefeluy.be\/wp-content\/uploads\/2019\/05\/Guides-1024x683.jpg\" alt=\"\" class=\"wp-image-488\" srcset=\"https:\/\/unitedefeluy.be\/wp-content\/uploads\/2019\/05\/Guides-1024x683.jpg 1024w, https:\/\/unitedefeluy.be\/wp-content\/uploads\/2019\/05\/Guides-300x200.jpg 300w, https:\/\/unitedefeluy.be\/wp-content\/uploads\/2019\/05\/Guides-768x512.jpg 768w, https:\/\/unitedefeluy.be\/wp-content\/uploads\/2019\/05\/Guides.jpg 2048w\" sizes=\"auto, (max-width: 1024px) 100vw, 1024px\" \/><\/figure>\n\n\n\n<p>Bienvenue aux guides!! Mais qu\u2019est-ce donc?<\/p>\n\n\n\n<p>Premi\u00e8rement, la guide est int\u00e9gr\u00e9e au sein d\u2019une compagnie. La plupart du temps, la guide monte dans la compagnie apr\u00e8s avoir effectu\u00e9 ses 2 ann\u00e9es nutons et ses 4 ann\u00e9es lutins, c\u2019est-\u00e0-dire lorsqu\u2019elle a 12ans. Il se peut \u00e9videmment qu\u2019elle soit arriv\u00e9e en chemin ou qu\u2019elle commence les mouvements de jeunesse au moment des guides, selon la liste d\u2019attente. Elle y restera 4ans, jusqu\u2019\u00e0 ses 16 ans.<\/p>\n\n\n\n<p>La compagnie regroupe toutes les guides et le staff, mais elle comprend aussi les patrouilles. Les patrouilles sont, en r\u00e9alit\u00e9, des groupes dans lesquels les guides seront divis\u00e9es. Elles ont pour but de consolider les guides entre elles, de cr\u00e9er une coh\u00e9sion de groupe et de laisser la chance \u00e0 chaque guide, toutes ann\u00e9es confondues, de connaitre d\u2019avantage autrui. \u00c0 savoir que les patrouilles changent chaque ann\u00e9e. Chaque patrouille se motivera \u00e0 gagner de l\u2019argent tout au long de l\u2019ann\u00e9e pour en avoir assez durant le camp.<\/p>\n\n\n\n<p>Chaque patrouille est supervis\u00e9e par ce qu\u2019on appelle une CP ( Cheffe de patrouille ) et une SP ( Seconde de patrouille ) \u00e9tant g\u00e9n\u00e9ralement les guides de 3\u00e8me et derni\u00e8re ann\u00e9e guide.<\/p>\n\n\n\n<p>Pendant l\u2019ann\u00e9e :<\/p>\n\n\n\n<p>Les guides ont r\u00e9union tous les samedis de 13h 30\u2019 \u00e0 17 heures pour une apr\u00e8s-midi d\u2019animation. Chaque animation est r\u00e9gul\u00e9e par un th\u00e8me particulier choisi chaque semaine. L\u2019animation est cr\u00e9e et men\u00e9e par les membres du staff, cependant il y a une chose que les guides doivent faire : le go\u00fbter!! C\u2019est la fameuse tradition aux guides, les meilleurs go\u00fbters que vous n\u2019aurez jamais mang\u00e9s! Chaque samedi, une patrouille s\u2019occupe de le faire. Nous avons aussi ce qu&rsquo;on appelle des r\u00e9unions \u201csp\u00e9ciales\u201d. Soit parce qu\u2019un \u00e9v\u00e9nement particulier apparait, comme la r\u00e9union St-Nicolas ou la veill\u00e9e de No\u00ebl par exemple, soit parce que le staff r\u00e9serve une animation surprise aux guides. ( cinema, piscine, parc d\u2019attraction, bowling,\u2026) Nous avons aussi ce qu\u2019on appelle des \u201chikes\u201d durant l\u2019ann\u00e9e. Ceux-ci d\u00e9signent 3 jours pass\u00e9s avec la compagnie le temps d\u2019un week-end. Tout \u00e7a semble super chouette, mais le moment qu\u2019on attend le plus, c\u2019est bien \u00e9videment le camp!!<\/p>\n\n\n\n<p>Le camp se d\u00e9roule la deuxi\u00e8me quinzaine de juillet. Durant ces 2 semaines, la guide vit avec ses copines et tous les membres de la compagnie. Les premiers jours du camp sont d\u00e9di\u00e9s aux constructions\u2026 Sur un camp guides on retrouve : des pilotis, des \u201cau-vent\u201d ( les -cuisines- \/ -pi\u00e8ces \u00e0 vivre- des guides), un mirador et l\u2019intendance. Les parents sont invit\u00e9s \u00e0 venir sur le camp pour admirer les constructions de leur(s) enfant(s) et passer un bon moment le temps d\u2019une journ\u00e9e. On y retrouve aussi des veill\u00e9es, des animations pendant la journ\u00e9e, des activit\u00e9s sp\u00e9ciales, des siestes, des t\u00e2ches m\u00e9nag\u00e8res, des jeux de nuits mais surtout beaucoup d\u2019amusement!! Nous retrouvons aussi un hike pendant le camp mais ici, les guides partent marcher en patrouille pendant 3 jours au cours desquels elles devront se d\u00e9brouiller pour manger et trouver un logement \u00e0 travers plusieurs villes, un peu comme une survie. \ud83d\ude42 Les camps sont aussi l\u2019occasion de donner un totem et un quali \u00e0 chaque guide.<\/p>\n\n\n\n<p>Les guides, \u00e0 la diff\u00e9rence des lutins, sont tr\u00e8s autonomes. Elle se responsabilisent petit \u00e0 petit pendant l\u2019ann\u00e9e pour gagner de l\u2019argent de patrouille et le g\u00e8rent \u00e0 leur guise et besoin pendant le camp. Si les guides pr\u00e9parent des go\u00fbters pendant l\u2019ann\u00e9e, au camp elles cuisinent tous leurs repas! Ajout\u00e9 \u00e0 cela les hikes durant le camp, chaque guide revient d\u2019un camp plus responsable et ind\u00e9pendante. Si une chose est certaine, c\u2019est que la guide rentre du camp grandie, des souvenirs plein la t\u00eate, avec une grosse nostalgie qui durera quelques jours. Qui ne pleure pas \u00e0 la fin d\u2019un camp?<\/p>\n\n\n\n<p>En devenant de plus en plus responsable et autonome, la guide, une fois ses 4 ann\u00e9es pass\u00e9es, peut monter aux aspis ( aspirants-chefs ) pour un an. Elle d\u00e9cidera ensuite, apr\u00e8s cette unique ann\u00e9e aspis de devenir chef, ou pas, dans l\u2019Unit\u00e9.\u00a0<\/p>\n\n\n\n<p>N&rsquo;h\u00e9sitez pas \u00e0 nous contacter via notre adresse mail (guidesfeluy@gmail.com) si vous avez la moindre question !<\/p>\n","protected":false},"excerpt":{"rendered":"<p>Bienvenue aux guides!! Mais qu\u2019est-ce donc? Premi\u00e8rement, la guide est int\u00e9gr\u00e9e au sein d\u2019une compagnie. La plupart du temps, la guide monte dans la compagnie apr\u00e8s avoir effectu\u00e9 ses 2 &hellip; <a href=\"https:\/\/unitedefeluy.be\/index.php\/guide\/\" class=\"more-link\">Continuer la lecture de <span class=\"screen-reader-text\">Guides<\/span>  <span class=\"meta-nav\">&rarr;<\/span><\/a><\/p>\n","protected":false},"author":11,"featured_media":0,"parent":0,"menu_order":5,"comment_status":"closed","ping_status":"closed","template":"","meta":{"footnotes":""},"class_list":["post-36","page","type-page","status-publish","hentry"],"_links":{"self":[{"href":"https:\/\/unitedefeluy.be\/index.php\/wp-json\/wp\/v2\/pages\/36","targetHints":{"allow":["GET"]}}],"collection":[{"href":"https:\/\/unitedefeluy.be\/index.php\/wp-json\/wp\/v2\/pages"}],"about":[{"href":"https:\/\/unitedefeluy.be\/index.php\/wp-json\/wp\/v2\/types\/page"}],"author":[{"embeddable":true,"href":"https:\/\/unitedefeluy.be\/index.php\/wp-json\/wp\/v2\/users\/11"}],"replies":[{"embeddable":true,"href":"https:\/\/unitedefeluy.be\/index.php\/wp-json\/wp\/v2\/comments?post=36"}],"version-history":[{"count":4,"href":"https:\/\/unitedefeluy.be\/index.php\/wp-json\/wp\/v2\/pages\/36\/revisions"}],"predecessor-version":[{"id":1031,"href":"https:\/\/unitedefeluy.be\/index.php\/wp-json\/wp\/v2\/pages\/36\/revisions\/1031"}],"wp:attachment":[{"href":"https:\/\/unitedefeluy.be\/index.php\/wp-json\/wp\/v2\/media?parent=36"}],"curies":[{"name":"wp","href":"https:\/\/api.w.org\/{rel}","templated":true}]}}