{"id":39,"date":"2016-04-21T19:52:59","date_gmt":"2016-04-21T18:52:59","guid":{"rendered":"http:\/\/unitedefeluy.be\/?page_id=39"},"modified":"2021-10-25T14:02:52","modified_gmt":"2021-10-25T13:02:52","slug":"scout","status":"publish","type":"page","link":"https:\/\/unitedefeluy.be\/index.php\/scout\/","title":{"rendered":"Scouts"},"content":{"rendered":"\n<figure class=\"wp-block-gallery columns-1 is-cropped wp-block-gallery-1 is-layout-flex wp-block-gallery-is-layout-flex\"><ul class=\"blocks-gallery-grid\"><li class=\"blocks-gallery-item\"><figure><img loading=\"lazy\" decoding=\"async\" width=\"414\" height=\"409\" src=\"https:\/\/unitedefeluy.be\/wp-content\/uploads\/243398769_1264960457309985_6053118466418806850_n.jpg\" alt=\"\" data-id=\"992\" data-full-url=\"https:\/\/unitedefeluy.be\/wp-content\/uploads\/243398769_1264960457309985_6053118466418806850_n.jpg\" data-link=\"https:\/\/unitedefeluy.be\/index.php\/scout\/243398769_1264960457309985_6053118466418806850_n\/\" class=\"wp-image-992\" srcset=\"https:\/\/unitedefeluy.be\/wp-content\/uploads\/243398769_1264960457309985_6053118466418806850_n.jpg 414w, https:\/\/unitedefeluy.be\/wp-content\/uploads\/243398769_1264960457309985_6053118466418806850_n-300x296.jpg 300w\" sizes=\"auto, (max-width: 414px) 100vw, 414px\" \/><\/figure><\/li><\/ul><\/figure>\n\n\n\n<p><strong>\u00ad\u00ad\u00ad<\/strong><\/p>\n\n\n\n<h2 class=\"wp-block-heading\"> <strong>Pr\u00e9sentation<\/strong> <\/h2>\n\n\n\n<p><strong>Le scout\u00a0:<\/strong><\/p>\n\n\n\n<p>\u00c0 12 ans, le louveteau est invit\u00e9 \u00e0 rejoindre la Troupe Scoute de Feluy o\u00f9 il y restera jusqu\u2019\u00e0 ses 16 ans. Durant ces 4 ann\u00e9es, le scout sera, tout comme chez les louveteaux, dans un groupe que l\u2019on appelle \u00ab&nbsp;patrouille&nbsp;\u00bb. Il sera lors de ses premi\u00e8res ann\u00e9es un simple scout de sa patrouille qui participe aux \u00e9preuves pr\u00e9par\u00e9es pas les chefs, contribue \u00e0 la bonne ambiance du groupe, entretien les valeurs du scoutisme (respect, solidarit\u00e9, \u2026), en bref&nbsp;: tout ce qu\u2019il aura d\u00e9j\u00e0 appris aux nutons et aux louveteaux. Cependant, le scout \u00e9tant l\u2019un des plus \u00e2g\u00e9 et mature de l\u2019unit\u00e9 (hors staffs), on attend de lui un peu plus de responsabilit\u00e9 et d\u2019autonomie. C\u2019est pourquoi les scouts les plus \u00e2g\u00e9s et exp\u00e9riment\u00e9s se voient attribuer le r\u00f4le de chef de patrouille (CP) ou second de patrouille (SP).<\/p>\n\n\n\n<p><strong>L\u2019ann\u00e9e\u00a0:<\/strong><\/p>\n\n\n\n<p>Durant toute l\u2019ann\u00e9e le scout participe aux r\u00e9unions, au hike, au souper, \u2026 mais surtout, nouveaut\u00e9 par rapport aux louveteaux, il fait toutes sortes de travaux\/jobs adapt\u00e9s durant l\u2019ann\u00e9e afin de gagner de l\u2019argent en vue de passer le meilleur camp possible. Il est de la responsabilit\u00e9 du CP et du SP de trouver ces travaux\/jobs et motiver les scouts de leur patrouille \u00e0 y participer.<\/p>\n\n\n\n<p><strong>Le camp\u00a0:<\/strong><\/p>\n\n\n\n<p>C\u2019est, avec l\u2019argent de patrouille, le plus gros changement pour le jeune louveteau qui arrive aux scouts. Le camp se fait toujours en prairie mais cette fois ci sur pilotis. Gr\u00e2ce \u00e0 l\u2019argent gagn\u00e9 tout au long de l\u2019ann\u00e9e, les scouts ach\u00e8tent les perches et rach\u00e8tent si besoin du mat\u00e9riel n\u00e9cessaire pour la construction de ces pilotis. Autre changement par rapport aux louveteaux, les scouts font, vers la moiti\u00e9 du camp, un hike de 3-4 jours qui consiste \u00e0 marcher en suivant l\u2019itin\u00e9raire indiqu\u00e9 par les chefs, trouver un endroit o\u00f9 dormir, et le dernier jour du hike, faire l\u2019activit\u00e9 sp\u00e9ciale propos\u00e9e (piscine, accrobranche, kayak, visite, \u2026). Dernier changement notable&nbsp;: ce sont les scouts qui se font \u00e0 manger.<\/p>\n\n\n\n<p>C\u2019est avec tout ces changements, ces ajouts de responsabilit\u00e9 et autonomie, en plus des valeurs de vie en communaut\u00e9 apprise plus t\u00f4t que l\u2019on pr\u00e9pare le scout \u00e0 entrer dans la vie adulte avec les meilleures cartes possibles en esp\u00e9rant qu\u2019il les utilise \u00e0 bon escient.<\/p>\n\n\n\n<p>Cela dit tout ne se termine pas \u00e0 16 ans, au bout des 4 ann\u00e9es pass\u00e9es au sein de la Troupe Scoute de Feluy, le scout a la possibilit\u00e9 de monter aux aspis (aspirants chefs) et s\u2019il le souhaite entrer dans un des staffs de Feluy une fois l\u2019ann\u00e9e aspi termin\u00e9e.<\/p>\n\n\n\n<p>Si vous avez des questions cependant, n\u2019h\u00e9sitez pas \u00e0 nous envoyer un mail \u00e0 l\u2019adresse:&nbsp;troupescoutefeluy@gmail.com&nbsp;qui est bien \u00e9videmment toujours disponible et nous vous r\u00e9pondrons le plus rapidement possible!&nbsp;<\/p>\n","protected":false},"excerpt":{"rendered":"<p>\u00ad\u00ad\u00ad Pr\u00e9sentation Le scout\u00a0: \u00c0 12 ans, le louveteau est invit\u00e9 \u00e0 rejoindre la Troupe Scoute de Feluy o\u00f9 il y restera jusqu\u2019\u00e0 ses 16 ans. Durant ces 4 ann\u00e9es, &hellip; <a href=\"https:\/\/unitedefeluy.be\/index.php\/scout\/\" class=\"more-link\">Continuer la lecture de <span class=\"screen-reader-text\">Scouts<\/span>  <span class=\"meta-nav\">&rarr;<\/span><\/a><\/p>\n","protected":false},"author":11,"featured_media":0,"parent":0,"menu_order":5,"comment_status":"closed","ping_status":"closed","template":"","meta":{"footnotes":""},"class_list":["post-39","page","type-page","status-publish","hentry"],"_links":{"self":[{"href":"https:\/\/unitedefeluy.be\/index.php\/wp-json\/wp\/v2\/pages\/39","targetHints":{"allow":["GET"]}}],"collection":[{"href":"https:\/\/unitedefeluy.be\/index.php\/wp-json\/wp\/v2\/pages"}],"about":[{"href":"https:\/\/unitedefeluy.be\/index.php\/wp-json\/wp\/v2\/types\/page"}],"author":[{"embeddable":true,"href":"https:\/\/unitedefeluy.be\/index.php\/wp-json\/wp\/v2\/users\/11"}],"replies":[{"embeddable":true,"href":"https:\/\/unitedefeluy.be\/index.php\/wp-json\/wp\/v2\/comments?post=39"}],"version-history":[{"count":10,"href":"https:\/\/unitedefeluy.be\/index.php\/wp-json\/wp\/v2\/pages\/39\/revisions"}],"predecessor-version":[{"id":1023,"href":"https:\/\/unitedefeluy.be\/index.php\/wp-json\/wp\/v2\/pages\/39\/revisions\/1023"}],"wp:attachment":[{"href":"https:\/\/unitedefeluy.be\/index.php\/wp-json\/wp\/v2\/media?parent=39"}],"curies":[{"name":"wp","href":"https:\/\/api.w.org\/{rel}","templated":true}]}}