{"id":428,"date":"2019-05-03T14:11:13","date_gmt":"2019-05-03T13:11:13","guid":{"rendered":"http:\/\/unitedefeluy.be\/?page_id=428"},"modified":"2021-11-12T12:44:17","modified_gmt":"2021-11-12T11:44:17","slug":"staff","status":"publish","type":"page","link":"https:\/\/unitedefeluy.be\/index.php\/feluy-beach\/staff\/","title":{"rendered":"Staff"},"content":{"rendered":"\n<p> <strong>Responsables<\/strong>: Simon Dalla Valeria et Gr\u00e9goire Dehaye <\/p>\n\n\n\n<p><strong>Communication<\/strong>: Max Morelle et Laura Paillez <\/p>\n\n\n\n<p><strong>Catering<\/strong>: Th\u00e9o Dalla Valeria<\/p>\n\n\n\n<p><strong>Sponsoring<\/strong>: Thomas Geus, Maxime J\u00e9rome et Arthur Sillis <\/p>\n\n\n\n<p><strong>Bar<\/strong>: Tom Renson et Martin Boulanger <\/p>\n\n\n\n<p><strong>Tournoi<\/strong>: Mathilde Tournay et Charlotte Dermauw<\/p>\n\n\n\n<p><strong>Activit\u00e9 sp\u00e9ciale: <\/strong>Corentin Hayette et Mathilde Tournay<\/p>\n\n\n\n<p><strong>Inscriptions et site internet:<\/strong> Delphine Mineur, Emilie J\u00e9rome et Simon Dekeyser<\/p>\n\n\n\n<p><strong>B\u00e9n\u00e9voles<\/strong>: Mathilde Geus et Max Morelle <\/p>\n\n\n\n<p><strong>Terrain<\/strong>: Louise Tournay et Gr\u00e9goire Dehaye <\/p>\n\n\n\n<p><strong>Photos\/After movie <\/strong>: Gr\u00e9goire Dehaye et Simon Dekeyser<\/p>\n","protected":false},"excerpt":{"rendered":"<p>Responsables: Simon Dalla Valeria et Gr\u00e9goire Dehaye Communication: Max Morelle et Laura Paillez Catering: Th\u00e9o Dalla Valeria Sponsoring: Thomas Geus, Maxime J\u00e9rome et Arthur Sillis Bar: Tom Renson et Martin &hellip; <a href=\"https:\/\/unitedefeluy.be\/index.php\/feluy-beach\/staff\/\" class=\"more-link\">Continuer la lecture de <span class=\"screen-reader-text\">Staff<\/span>  <span class=\"meta-nav\">&rarr;<\/span><\/a><\/p>\n","protected":false},"author":11,"featured_media":0,"parent":41,"menu_order":0,"comment_status":"closed","ping_status":"closed","template":"","meta":{"footnotes":""},"class_list":["post-428","page","type-page","status-publish","hentry"],"_links":{"self":[{"href":"https:\/\/unitedefeluy.be\/index.php\/wp-json\/wp\/v2\/pages\/428","targetHints":{"allow":["GET"]}}],"collection":[{"href":"https:\/\/unitedefeluy.be\/index.php\/wp-json\/wp\/v2\/pages"}],"about":[{"href":"https:\/\/unitedefeluy.be\/index.php\/wp-json\/wp\/v2\/types\/page"}],"author":[{"embeddable":true,"href":"https:\/\/unitedefeluy.be\/index.php\/wp-json\/wp\/v2\/users\/11"}],"replies":[{"embeddable":true,"href":"https:\/\/unitedefeluy.be\/index.php\/wp-json\/wp\/v2\/comments?post=428"}],"version-history":[{"count":3,"href":"https:\/\/unitedefeluy.be\/index.php\/wp-json\/wp\/v2\/pages\/428\/revisions"}],"predecessor-version":[{"id":1035,"href":"https:\/\/unitedefeluy.be\/index.php\/wp-json\/wp\/v2\/pages\/428\/revisions\/1035"}],"up":[{"embeddable":true,"href":"https:\/\/unitedefeluy.be\/index.php\/wp-json\/wp\/v2\/pages\/41"}],"wp:attachment":[{"href":"https:\/\/unitedefeluy.be\/index.php\/wp-json\/wp\/v2\/media?parent=428"}],"curies":[{"name":"wp","href":"https:\/\/api.w.org\/{rel}","templated":true}]}}