{"id":84,"date":"2016-04-22T08:16:41","date_gmt":"2016-04-22T07:16:41","guid":{"rendered":"http:\/\/unitedefeluy.be\/?page_id=84"},"modified":"2019-05-03T15:21:32","modified_gmt":"2019-05-03T14:21:32","slug":"luniforme","status":"publish","type":"page","link":"https:\/\/unitedefeluy.be\/index.php\/nuton\/luniforme\/","title":{"rendered":"L&rsquo;uniforme"},"content":{"rendered":"<h6>Celui-ci se compose:<\/h6>\n<ul>\n<li>\n<h6>\u00a0d&rsquo;un foulard vert et noir (vert au bord sur fond noir) INDISPENSABLE<\/h6>\n<\/li>\n<li>\n<h6>\u00a0d&rsquo;un pull vert<\/h6>\n<\/li>\n<li>\n<h6><span class=\"Apple-style-span\">d&rsquo;un short beige pour les gar\u00e7ons ou d&rsquo;une chasuble beige pour les filles<\/span><\/h6>\n<\/li>\n<li>\n<h6><span class=\"Apple-style-span\">des bottines de marche<\/span><\/h6>\n<\/li>\n<\/ul>\n<h6>Il est\u00a0<u>obligatoire<\/u> pour toutes les activit\u00e9s. Mais ce n&rsquo;est pas grave si vous ne l&rsquo;avez pas pour les premi\u00e8res r\u00e9unions.<\/h6>\n<p>(Vous pouvez trouver toutes ces choses chez John sport \u00e0 Nivelles.)<\/p>\n","protected":false},"excerpt":{"rendered":"<p>Celui-ci se compose: \u00a0d&rsquo;un foulard vert et noir (vert au bord sur fond noir) INDISPENSABLE \u00a0d&rsquo;un pull vert d&rsquo;un short beige pour les gar\u00e7ons ou d&rsquo;une chasuble beige pour les &hellip; <a href=\"https:\/\/unitedefeluy.be\/index.php\/nuton\/luniforme\/\" class=\"more-link\">Continuer la lecture de <span class=\"screen-reader-text\">L&rsquo;uniforme<\/span>  <span class=\"meta-nav\">&rarr;<\/span><\/a><\/p>\n","protected":false},"author":11,"featured_media":0,"parent":26,"menu_order":2,"comment_status":"closed","ping_status":"closed","template":"","meta":{"footnotes":""},"class_list":["post-84","page","type-page","status-publish","hentry"],"_links":{"self":[{"href":"https:\/\/unitedefeluy.be\/index.php\/wp-json\/wp\/v2\/pages\/84","targetHints":{"allow":["GET"]}}],"collection":[{"href":"https:\/\/unitedefeluy.be\/index.php\/wp-json\/wp\/v2\/pages"}],"about":[{"href":"https:\/\/unitedefeluy.be\/index.php\/wp-json\/wp\/v2\/types\/page"}],"author":[{"embeddable":true,"href":"https:\/\/unitedefeluy.be\/index.php\/wp-json\/wp\/v2\/users\/11"}],"replies":[{"embeddable":true,"href":"https:\/\/unitedefeluy.be\/index.php\/wp-json\/wp\/v2\/comments?post=84"}],"version-history":[{"count":3,"href":"https:\/\/unitedefeluy.be\/index.php\/wp-json\/wp\/v2\/pages\/84\/revisions"}],"predecessor-version":[{"id":455,"href":"https:\/\/unitedefeluy.be\/index.php\/wp-json\/wp\/v2\/pages\/84\/revisions\/455"}],"up":[{"embeddable":true,"href":"https:\/\/unitedefeluy.be\/index.php\/wp-json\/wp\/v2\/pages\/26"}],"wp:attachment":[{"href":"https:\/\/unitedefeluy.be\/index.php\/wp-json\/wp\/v2\/media?parent=84"}],"curies":[{"name":"wp","href":"https:\/\/api.w.org\/{rel}","templated":true}]}}