{"id":88,"date":"2016-04-22T08:23:03","date_gmt":"2016-04-22T07:23:03","guid":{"rendered":"http:\/\/unitedefeluy.be\/?page_id=88"},"modified":"2022-10-14T17:55:14","modified_gmt":"2022-10-14T15:55:14","slug":"staff","status":"publish","type":"page","link":"https:\/\/unitedefeluy.be\/index.php\/lutin\/staff\/","title":{"rendered":"Staff"},"content":{"rendered":"<h3><span style=\"text-decoration: underline;\"><span style=\"color: #008000; text-decoration: underline;\">STAFF LUTINS 2022-2023:<\/span><\/span><\/h3>\n<ul>\n<li><strong>Responsable \/ Grande Cheffe&nbsp;<\/strong> :&nbsp;Okapi (Jeanne Migeotte) &#8211;<strong>&nbsp;<span data-sheets-value=\"{&quot;1&quot;:2,&quot;2&quot;:&quot;0485 53 02 63&quot;}\" data-sheets-userformat=\"{&quot;2&quot;:14466,&quot;4&quot;:{&quot;1&quot;:2,&quot;2&quot;:16777215},&quot;10&quot;:2,&quot;14&quot;:{&quot;1&quot;:2,&quot;2&quot;:1909033},&quot;15&quot;:&quot;Calibri&quot;,&quot;16&quot;:12}\">0485 53 02 63<\/span><\/strong><\/li>\n<li><strong>Tr\u00e9sori\u00e8re :&nbsp;<\/strong>Guanaco (Margaux Lanneau) &#8211; <strong>0492 39 05 71<\/strong><\/li>\n<li><strong>Secr\u00e9taire :&nbsp;<\/strong>Colibri (Nelson Pesce) &#8211; <strong>0498 59 92 90<\/strong><\/li>\n<li><strong>Co-secr\u00e9taire :<\/strong>&nbsp;Agouti (Manon Dupont) &#8211;&nbsp;<strong>0484 31 54 45<\/strong><\/li>\n<li><strong>Responsable souper<\/strong> : Chipmunk (Lison Hecq) &#8211;&nbsp;<strong>0494 93 34 67<\/strong><\/li>\n<li><b><strong>Responsable souper et i<\/strong>nfirmi\u00e8re<\/b> : Calao (Ysaline Goffaux) &#8211;&nbsp;<strong>0471 88 20 97<\/strong><\/li>\n<li><strong>Responsable endroit camp\/hike<\/strong> :&nbsp;Burunduk (Margaux Damme) &#8211; <strong>0456 09 33 23<\/strong><\/li>\n<li><strong>Responsable b\u00e2timent :&nbsp;<\/strong>Fennec (Michael Lefebure) &#8211; <strong>0476 68 73 93<\/strong><\/li>\n<li><strong>Responsable photos et journ\u00e9e sp\u00e9ciale :&nbsp;<\/strong>Jabiru (Vic Dive) &#8211; <strong>0499 38 26 59<\/strong><\/li>\n<\/ul>\n<p>Adresse mail: <a href=\"mailto:lutinsdefeluy@gmail.com\">lutinsdefeluy@gmail.com<\/a><\/p>\n\n\n<figure class=\"wp-block-gallery has-nested-images columns-default is-cropped wp-block-gallery-1 is-layout-flex wp-block-gallery-is-layout-flex\">\n<figure class=\"wp-block-image size-large\"><img loading=\"lazy\" decoding=\"async\" width=\"1024\" height=\"680\" data-id=\"1384\" src=\"https:\/\/unitedefeluy.be\/wp-content\/uploads\/308004931_1324663001402213_7044282233137730204_n-1024x680.jpeg\" alt=\"\" class=\"wp-image-1384\" srcset=\"https:\/\/unitedefeluy.be\/wp-content\/uploads\/308004931_1324663001402213_7044282233137730204_n-1024x680.jpeg 1024w, https:\/\/unitedefeluy.be\/wp-content\/uploads\/308004931_1324663001402213_7044282233137730204_n-300x199.jpeg 300w, https:\/\/unitedefeluy.be\/wp-content\/uploads\/308004931_1324663001402213_7044282233137730204_n-768x510.jpeg 768w, https:\/\/unitedefeluy.be\/wp-content\/uploads\/308004931_1324663001402213_7044282233137730204_n-1536x1020.jpeg 1536w, https:\/\/unitedefeluy.be\/wp-content\/uploads\/308004931_1324663001402213_7044282233137730204_n.jpeg 2048w\" sizes=\"auto, (max-width: 1024px) 100vw, 1024px\" \/><\/figure>\n<\/figure>\n","protected":false},"excerpt":{"rendered":"<p>STAFF LUTINS 2022-2023: Responsable \/ Grande Cheffe&nbsp; :&nbsp;Okapi (Jeanne Migeotte) &#8211;&nbsp;0485 53 02 63 Tr\u00e9sori\u00e8re :&nbsp;Guanaco (Margaux Lanneau) &#8211; 0492 39 05 71 Secr\u00e9taire :&nbsp;Colibri (Nelson Pesce) &#8211; 0498 59 &hellip; <a href=\"https:\/\/unitedefeluy.be\/index.php\/lutin\/staff\/\" class=\"more-link\">Continuer la lecture de <span class=\"screen-reader-text\">Staff<\/span>  <span class=\"meta-nav\">&rarr;<\/span><\/a><\/p>\n","protected":false},"author":11,"featured_media":0,"parent":31,"menu_order":0,"comment_status":"closed","ping_status":"closed","template":"","meta":{"footnotes":""},"class_list":["post-88","page","type-page","status-publish","hentry"],"_links":{"self":[{"href":"https:\/\/unitedefeluy.be\/index.php\/wp-json\/wp\/v2\/pages\/88","targetHints":{"allow":["GET"]}}],"collection":[{"href":"https:\/\/unitedefeluy.be\/index.php\/wp-json\/wp\/v2\/pages"}],"about":[{"href":"https:\/\/unitedefeluy.be\/index.php\/wp-json\/wp\/v2\/types\/page"}],"author":[{"embeddable":true,"href":"https:\/\/unitedefeluy.be\/index.php\/wp-json\/wp\/v2\/users\/11"}],"replies":[{"embeddable":true,"href":"https:\/\/unitedefeluy.be\/index.php\/wp-json\/wp\/v2\/comments?post=88"}],"version-history":[{"count":16,"href":"https:\/\/unitedefeluy.be\/index.php\/wp-json\/wp\/v2\/pages\/88\/revisions"}],"predecessor-version":[{"id":1385,"href":"https:\/\/unitedefeluy.be\/index.php\/wp-json\/wp\/v2\/pages\/88\/revisions\/1385"}],"up":[{"embeddable":true,"href":"https:\/\/unitedefeluy.be\/index.php\/wp-json\/wp\/v2\/pages\/31"}],"wp:attachment":[{"href":"https:\/\/unitedefeluy.be\/index.php\/wp-json\/wp\/v2\/media?parent=88"}],"curies":[{"name":"wp","href":"https:\/\/api.w.org\/{rel}","templated":true}]}}