{"id":93,"date":"2016-04-22T08:24:14","date_gmt":"2016-04-22T07:24:14","guid":{"rendered":"http:\/\/unitedefeluy.be\/?page_id=93"},"modified":"2022-10-12T18:52:57","modified_gmt":"2022-10-12T16:52:57","slug":"staff","status":"publish","type":"page","link":"https:\/\/unitedefeluy.be\/index.php\/guide\/staff\/","title":{"rendered":"Staff"},"content":{"rendered":"<h3><span style=\"color: #008000;\"><strong><u>STAFF GUIDES 2022-2023 :\u00a0<\/u><\/strong><\/span><\/h3>\n<ul>\n<li><span class=\"_5yl5\"><strong>Responsable \/ Grande Cheffe :\u00a0<\/strong><\/span>Indri (Margaux Lesire) &#8211; <strong>0460 96 02 97<\/strong><\/li>\n<li><strong>Secr\u00e9taire :<\/strong> Alta\u00efca (Elisa Paillez) &#8211; <strong>0474 03 49 59<\/strong><\/li>\n<li><strong>Co-secr\u00e9taire :\u00a0<\/strong>Kotiya (Thelma Grasso) &#8211; <strong>0496 73 34 93<\/strong><\/li>\n<li><span class=\"_5yl5\"><strong>Tr\u00e9sori\u00e8re<\/strong> : <\/span>Maguari (Elisa Boulanger) &#8211; <strong>0<span data-sheets-value=\"{&quot;1&quot;:3,&quot;3&quot;:497495693}\" data-sheets-userformat=\"{&quot;2&quot;:12931,&quot;3&quot;:{&quot;1&quot;:0},&quot;4&quot;:{&quot;1&quot;:2,&quot;2&quot;:16777215},&quot;10&quot;:2,&quot;12&quot;:0,&quot;15&quot;:&quot;Calibri&quot;,&quot;16&quot;:12}\">497 49 56 93 <\/span><\/strong><\/li>\n<li><strong>Co-tr\u00e9sori\u00e8re<\/strong> : Uncia (Carla Hebbelinck) &#8211; <strong>0<\/strong><strong><span data-sheets-value=\"{&quot;1&quot;:3,&quot;3&quot;:471020092}\" data-sheets-userformat=\"{&quot;2&quot;:12931,&quot;3&quot;:{&quot;1&quot;:0},&quot;4&quot;:{&quot;1&quot;:2,&quot;2&quot;:16777215},&quot;10&quot;:2,&quot;12&quot;:0,&quot;15&quot;:&quot;Calibri&quot;,&quot;16&quot;:12}\">471 02 00 92<\/span><\/strong><\/li>\n<li><strong>Infirmi\u00e8re <\/strong><span class=\"_5yl5\">: Sika (Charlotte Vraie) &#8211; <strong>0483 53 17 12<\/strong><\/span><\/li>\n<li><strong>Responsables endroits de camp \/ hike :<\/strong>\u00a0Savannah (Cl\u00e9mence Tellier) &#8211;\u00a0<strong>0470 52 40 60\u00a0<\/strong><\/li>\n<li><strong>Responsable souper :\u00a0<\/strong>Lemming (C\u00e9line Grauwels) &#8211;\u00a0<strong>0495 36 73 60<\/strong><\/li>\n<li><strong>Responsable organisation : <\/strong><span class=\"_5yl5\">Barasingha (L\u00e9a Lef\u00e8vre) &#8211; <strong>0470 08 72 30<\/strong><\/span><\/li>\n<\/ul>\n<div class=\"_5wd9\">\n<div class=\"_5wde _n4o\">\n<div class=\"_5w1r _3_om _5wdf\"><\/div>\n<\/div>\n<\/div>\n<p>&#8211; Adresse mail :<a href=\"mailto:guidesfeluy@gmail.com\"> guidesfeluy@gmail.com\u00a0<\/a><\/p>\n<p><img loading=\"lazy\" decoding=\"async\" class=\"alignnone  wp-image-987\" src=\"https:\/\/unitedefeluy.be\/wp-content\/uploads\/243884813_400228264833664_608157425978479385_n-300x225.jpg\" alt=\"\" width=\"539\" height=\"404\" srcset=\"https:\/\/unitedefeluy.be\/wp-content\/uploads\/243884813_400228264833664_608157425978479385_n-300x225.jpg 300w, https:\/\/unitedefeluy.be\/wp-content\/uploads\/243884813_400228264833664_608157425978479385_n-1024x768.jpg 1024w, https:\/\/unitedefeluy.be\/wp-content\/uploads\/243884813_400228264833664_608157425978479385_n-768x576.jpg 768w, https:\/\/unitedefeluy.be\/wp-content\/uploads\/243884813_400228264833664_608157425978479385_n-1536x1152.jpg 1536w, https:\/\/unitedefeluy.be\/wp-content\/uploads\/243884813_400228264833664_608157425978479385_n.jpg 2048w\" sizes=\"auto, (max-width: 539px) 100vw, 539px\" \/><\/p>\n","protected":false},"excerpt":{"rendered":"<p>STAFF GUIDES 2022-2023 :\u00a0 Responsable \/ Grande Cheffe :\u00a0Indri (Margaux Lesire) &#8211; 0460 96 02 97 Secr\u00e9taire : Alta\u00efca (Elisa Paillez) &#8211; 0474 03 49 59 Co-secr\u00e9taire :\u00a0Kotiya (Thelma Grasso) &hellip; <a href=\"https:\/\/unitedefeluy.be\/index.php\/guide\/staff\/\" class=\"more-link\">Continuer la lecture de <span class=\"screen-reader-text\">Staff<\/span>  <span class=\"meta-nav\">&rarr;<\/span><\/a><\/p>\n","protected":false},"author":11,"featured_media":0,"parent":36,"menu_order":0,"comment_status":"closed","ping_status":"closed","template":"","meta":{"footnotes":""},"class_list":["post-93","page","type-page","status-publish","hentry"],"_links":{"self":[{"href":"https:\/\/unitedefeluy.be\/index.php\/wp-json\/wp\/v2\/pages\/93","targetHints":{"allow":["GET"]}}],"collection":[{"href":"https:\/\/unitedefeluy.be\/index.php\/wp-json\/wp\/v2\/pages"}],"about":[{"href":"https:\/\/unitedefeluy.be\/index.php\/wp-json\/wp\/v2\/types\/page"}],"author":[{"embeddable":true,"href":"https:\/\/unitedefeluy.be\/index.php\/wp-json\/wp\/v2\/users\/11"}],"replies":[{"embeddable":true,"href":"https:\/\/unitedefeluy.be\/index.php\/wp-json\/wp\/v2\/comments?post=93"}],"version-history":[{"count":16,"href":"https:\/\/unitedefeluy.be\/index.php\/wp-json\/wp\/v2\/pages\/93\/revisions"}],"predecessor-version":[{"id":1346,"href":"https:\/\/unitedefeluy.be\/index.php\/wp-json\/wp\/v2\/pages\/93\/revisions\/1346"}],"up":[{"embeddable":true,"href":"https:\/\/unitedefeluy.be\/index.php\/wp-json\/wp\/v2\/pages\/36"}],"wp:attachment":[{"href":"https:\/\/unitedefeluy.be\/index.php\/wp-json\/wp\/v2\/media?parent=93"}],"curies":[{"name":"wp","href":"https:\/\/api.w.org\/{rel}","templated":true}]}}